{"id":130,"date":"2025-11-29T11:43:02","date_gmt":"2025-11-29T10:43:02","guid":{"rendered":"https:\/\/parafiaturobin.pl\/?page_id=130"},"modified":"2025-11-29T12:55:26","modified_gmt":"2025-11-29T11:55:26","slug":"ogloszenia-parafialne","status":"publish","type":"page","link":"http:\/\/parafiaturobin.pl\/index.php\/ogloszenia-parafialne\/","title":{"rendered":"Og\u0142oszenia Parafialne"},"content":{"rendered":"\t\t<div data-elementor-type=\"wp-page\" data-elementor-id=\"130\" class=\"elementor elementor-130\" data-elementor-post-type=\"page\">\n\t\t\t\t<div class=\"elementor-element elementor-element-d9eaf54 e-flex e-con-boxed e-con e-parent\" data-id=\"d9eaf54\" data-element_type=\"container\" data-e-type=\"container\">\n\t\t\t\t\t<div class=\"e-con-inner\">\n\t\t\t\t<div class=\"elementor-element elementor-element-e5affbe elementor-widget elementor-widget-heading\" data-id=\"e5affbe\" data-element_type=\"widget\" data-e-type=\"widget\" data-widget_type=\"heading.default\">\n\t\t\t\t\t<h2 class=\"elementor-heading-title elementor-size-default\">Og\u0142oszenia parafialne<\/h2>\t\t\t\t<\/div>\n\t\t\t\t<div class=\"elementor-element elementor-element-dcdabcf elementor-grid-4 elementor-grid-tablet-2 elementor-grid-mobile-1 elementor-posts--thumbnail-top elementor-widget elementor-widget-posts\" data-id=\"dcdabcf\" data-element_type=\"widget\" data-e-type=\"widget\" data-settings=\"{&quot;classic_columns&quot;:&quot;4&quot;,&quot;classic_columns_tablet&quot;:&quot;2&quot;,&quot;classic_columns_mobile&quot;:&quot;1&quot;,&quot;classic_row_gap&quot;:{&quot;unit&quot;:&quot;px&quot;,&quot;size&quot;:35,&quot;sizes&quot;:[]},&quot;classic_row_gap_tablet&quot;:{&quot;unit&quot;:&quot;px&quot;,&quot;size&quot;:&quot;&quot;,&quot;sizes&quot;:[]},&quot;classic_row_gap_mobile&quot;:{&quot;unit&quot;:&quot;px&quot;,&quot;size&quot;:&quot;&quot;,&quot;sizes&quot;:[]}}\" data-widget_type=\"posts.classic\">\n\t\t\t\t<div class=\"elementor-widget-container\">\n\t\t\t\t\t\t\t<div class=\"elementor-posts-container elementor-posts elementor-posts--skin-classic elementor-grid\" role=\"list\">\n\t\t\t\t<article class=\"elementor-post elementor-grid-item post-587 post type-post status-publish format-standard hentry category-ogloszenia\" role=\"listitem\">\n\t\t\t\t<div class=\"elementor-post__text\">\n\t\t\t\t<h3 class=\"elementor-post__title\">\n\t\t\t<a href=\"http:\/\/parafiaturobin.pl\/index.php\/2026\/04\/25\/ogloszenia-parafialne-iv-niedziela-wielkanocy-26-04-2026-r\/\" >\n\t\t\t\tOg\u0142oszenia parafialne &#8211; IV Niedziela Wielkanocy &#8211; 26.04.2026 r.\t\t\t<\/a>\n\t\t<\/h3>\n\t\t\t\t<\/div>\n\t\t\t\t<\/article>\n\t\t\t\t<article class=\"elementor-post elementor-grid-item post-579 post type-post status-publish format-standard hentry category-ogloszenia\" role=\"listitem\">\n\t\t\t\t<div class=\"elementor-post__text\">\n\t\t\t\t<h3 class=\"elementor-post__title\">\n\t\t\t<a href=\"http:\/\/parafiaturobin.pl\/index.php\/2026\/04\/18\/ogloszenia-parafialne-iii-niedziela-wielkanocna-19-04-2026-r\/\" >\n\t\t\t\tOg\u0142oszenia parafialne &#8211; III Niedziela Wielkanocna &#8211; 19.04.2026 r.\t\t\t<\/a>\n\t\t<\/h3>\n\t\t\t\t<\/div>\n\t\t\t\t<\/article>\n\t\t\t\t<article class=\"elementor-post elementor-grid-item post-564 post type-post status-publish format-standard has-post-thumbnail hentry category-ogloszenia\" role=\"listitem\">\n\t\t\t\t<a class=\"elementor-post__thumbnail__link\" href=\"http:\/\/parafiaturobin.pl\/index.php\/2026\/04\/11\/ogloszenia-parafialne-niedziela-milosierdzia-bozego-12-04-2026-r\/\" tabindex=\"-1\" >\n\t\t\t<div class=\"elementor-post__thumbnail\"><img fetchpriority=\"high\" decoding=\"async\" width=\"300\" height=\"169\" src=\"http:\/\/parafiaturobin.pl\/wp-content\/uploads\/2025\/11\/587102580_818657477473582_4936930041580075612_n-300x169.jpg\" class=\"attachment-medium size-medium wp-image-317\" alt=\"\" srcset=\"http:\/\/parafiaturobin.pl\/wp-content\/uploads\/2025\/11\/587102580_818657477473582_4936930041580075612_n-300x169.jpg 300w, http:\/\/parafiaturobin.pl\/wp-content\/uploads\/2025\/11\/587102580_818657477473582_4936930041580075612_n-1024x577.jpg 1024w, http:\/\/parafiaturobin.pl\/wp-content\/uploads\/2025\/11\/587102580_818657477473582_4936930041580075612_n-768x432.jpg 768w, http:\/\/parafiaturobin.pl\/wp-content\/uploads\/2025\/11\/587102580_818657477473582_4936930041580075612_n-1536x865.jpg 1536w, http:\/\/parafiaturobin.pl\/wp-content\/uploads\/2025\/11\/587102580_818657477473582_4936930041580075612_n.jpg 2048w\" sizes=\"(max-width: 300px) 100vw, 300px\" \/><\/div>\n\t\t<\/a>\n\t\t\t\t<div class=\"elementor-post__text\">\n\t\t\t\t<h3 class=\"elementor-post__title\">\n\t\t\t<a href=\"http:\/\/parafiaturobin.pl\/index.php\/2026\/04\/11\/ogloszenia-parafialne-niedziela-milosierdzia-bozego-12-04-2026-r\/\" >\n\t\t\t\tOg\u0142oszenia parafialne &#8211; Niedziela Mi\u0142osierdzia Bo\u017cego 12.04.2026 r.\t\t\t<\/a>\n\t\t<\/h3>\n\t\t\t\t<\/div>\n\t\t\t\t<\/article>\n\t\t\t\t<article class=\"elementor-post elementor-grid-item post-540 post type-post status-publish format-standard has-post-thumbnail hentry category-ogloszenia\" role=\"listitem\">\n\t\t\t\t<a class=\"elementor-post__thumbnail__link\" href=\"http:\/\/parafiaturobin.pl\/index.php\/2026\/04\/05\/ogloszenia-parafialne-poniedzialek-wielkanocny-06-04-2026r\/\" tabindex=\"-1\" >\n\t\t\t<div class=\"elementor-post__thumbnail\"><img fetchpriority=\"high\" decoding=\"async\" width=\"300\" height=\"169\" src=\"http:\/\/parafiaturobin.pl\/wp-content\/uploads\/2025\/11\/587102580_818657477473582_4936930041580075612_n-300x169.jpg\" class=\"attachment-medium size-medium wp-image-317\" alt=\"\" srcset=\"http:\/\/parafiaturobin.pl\/wp-content\/uploads\/2025\/11\/587102580_818657477473582_4936930041580075612_n-300x169.jpg 300w, http:\/\/parafiaturobin.pl\/wp-content\/uploads\/2025\/11\/587102580_818657477473582_4936930041580075612_n-1024x577.jpg 1024w, http:\/\/parafiaturobin.pl\/wp-content\/uploads\/2025\/11\/587102580_818657477473582_4936930041580075612_n-768x432.jpg 768w, http:\/\/parafiaturobin.pl\/wp-content\/uploads\/2025\/11\/587102580_818657477473582_4936930041580075612_n-1536x865.jpg 1536w, http:\/\/parafiaturobin.pl\/wp-content\/uploads\/2025\/11\/587102580_818657477473582_4936930041580075612_n.jpg 2048w\" sizes=\"(max-width: 300px) 100vw, 300px\" \/><\/div>\n\t\t<\/a>\n\t\t\t\t<div class=\"elementor-post__text\">\n\t\t\t\t<h3 class=\"elementor-post__title\">\n\t\t\t<a href=\"http:\/\/parafiaturobin.pl\/index.php\/2026\/04\/05\/ogloszenia-parafialne-poniedzialek-wielkanocny-06-04-2026r\/\" >\n\t\t\t\tOg\u0142oszenia parafialne \u2013 Poniedzia\u0142ek Wielkanocny- 06.04.2026r.\t\t\t<\/a>\n\t\t<\/h3>\n\t\t\t\t<\/div>\n\t\t\t\t<\/article>\n\t\t\t\t<\/div>\n\t\t\n\t\t\t\t\t\t<\/div>\n\t\t\t\t<\/div>\n\t\t\t\t\t<\/div>\n\t\t\t\t<\/div>\n\t\t\t\t<\/div>\n\t\t","protected":false},"excerpt":{"rendered":"<p>Og\u0142oszenia parafialne<\/p>\n","protected":false},"author":1,"featured_media":0,"parent":0,"menu_order":0,"comment_status":"closed","ping_status":"closed","template":"","meta":{"site-sidebar-layout":"no-sidebar","site-content-layout":"","ast-site-content-layout":"full-width-container","site-content-style":"default","site-sidebar-style":"default","ast-global-header-display":"","ast-banner-title-visibility":"","ast-main-header-display":"","ast-hfb-above-header-display":"","ast-hfb-below-header-display":"","ast-hfb-mobile-header-display":"","site-post-title":"","ast-breadcrumbs-content":"","ast-featured-img":"disabled","footer-sml-layout":"","theme-transparent-header-meta":"","adv-header-id-meta":"","stick-header-meta":"","header-above-stick-meta":"","header-main-stick-meta":"","header-below-stick-meta":"","astra-migrate-meta-layouts":"default","ast-page-background-enabled":"default","ast-page-background-meta":{"desktop":{"background-color":"var(--ast-global-color-5)","background-image":"","background-repeat":"repeat","background-position":"center center","background-size":"auto","background-attachment":"scroll","background-type":"","background-media":"","overlay-type":"","overlay-color":"","overlay-opacity":"","overlay-gradient":""},"tablet":{"background-color":"","background-image":"","background-repeat":"repeat","background-position":"center center","background-size":"auto","background-attachment":"scroll","background-type":"","background-media":"","overlay-type":"","overlay-color":"","overlay-opacity":"","overlay-gradient":""},"mobile":{"background-color":"","background-image":"","background-repeat":"repeat","background-position":"center center","background-size":"auto","background-attachment":"scroll","background-type":"","background-media":"","overlay-type":"","overlay-color":"","overlay-opacity":"","overlay-gradient":""}},"ast-content-background-meta":{"desktop":{"background-color":"var(--ast-global-color-4)","background-image":"","background-repeat":"repeat","background-position":"center center","background-size":"auto","background-attachment":"scroll","background-type":"","background-media":"","overlay-type":"","overlay-color":"","overlay-opacity":"","overlay-gradient":""},"tablet":{"background-color":"var(--ast-global-color-4)","background-image":"","background-repeat":"repeat","background-position":"center center","background-size":"auto","background-attachment":"scroll","background-type":"","background-media":"","overlay-type":"","overlay-color":"","overlay-opacity":"","overlay-gradient":""},"mobile":{"background-color":"var(--ast-global-color-4)","background-image":"","background-repeat":"repeat","background-position":"center center","background-size":"auto","background-attachment":"scroll","background-type":"","background-media":"","overlay-type":"","overlay-color":"","overlay-opacity":"","overlay-gradient":""}},"footnotes":""},"folder":[],"class_list":["post-130","page","type-page","status-publish","hentry"],"_links":{"self":[{"href":"http:\/\/parafiaturobin.pl\/index.php\/wp-json\/wp\/v2\/pages\/130","targetHints":{"allow":["GET"]}}],"collection":[{"href":"http:\/\/parafiaturobin.pl\/index.php\/wp-json\/wp\/v2\/pages"}],"about":[{"href":"http:\/\/parafiaturobin.pl\/index.php\/wp-json\/wp\/v2\/types\/page"}],"author":[{"embeddable":true,"href":"http:\/\/parafiaturobin.pl\/index.php\/wp-json\/wp\/v2\/users\/1"}],"replies":[{"embeddable":true,"href":"http:\/\/parafiaturobin.pl\/index.php\/wp-json\/wp\/v2\/comments?post=130"}],"version-history":[{"count":13,"href":"http:\/\/parafiaturobin.pl\/index.php\/wp-json\/wp\/v2\/pages\/130\/revisions"}],"predecessor-version":[{"id":193,"href":"http:\/\/parafiaturobin.pl\/index.php\/wp-json\/wp\/v2\/pages\/130\/revisions\/193"}],"wp:attachment":[{"href":"http:\/\/parafiaturobin.pl\/index.php\/wp-json\/wp\/v2\/media?parent=130"}],"wp:term":[{"taxonomy":"folder","embeddable":true,"href":"http:\/\/parafiaturobin.pl\/index.php\/wp-json\/wp\/v2\/folder?post=130"}],"curies":[{"name":"wp","href":"https:\/\/api.w.org\/{rel}","templated":true}]}}