{"id":15,"date":"2025-11-29T08:37:42","date_gmt":"2025-11-29T07:37:42","guid":{"rendered":"https:\/\/parafiaturobin.pl\/?page_id=15"},"modified":"2025-11-29T15:26:08","modified_gmt":"2025-11-29T14:26:08","slug":"strona-domowa","status":"publish","type":"page","link":"https:\/\/parafiaturobin.pl\/","title":{"rendered":"Strona domowa"},"content":{"rendered":"\t\t<div data-elementor-type=\"wp-page\" data-elementor-id=\"15\" class=\"elementor elementor-15\" data-elementor-post-type=\"page\">\n\t\t\t\t<div class=\"elementor-element elementor-element-24cc576 e-con-full e-flex e-con e-parent\" data-id=\"24cc576\" data-element_type=\"container\" data-e-type=\"container\">\n\t\t\t\t<div class=\"elementor-element elementor-element-c787eb6 elementor--h-position-center elementor--v-position-middle elementor-arrows-position-inside elementor-pagination-position-inside elementor-widget elementor-widget-slides\" data-id=\"c787eb6\" data-element_type=\"widget\" data-e-type=\"widget\" data-settings=\"{&quot;navigation&quot;:&quot;both&quot;,&quot;autoplay&quot;:&quot;yes&quot;,&quot;pause_on_hover&quot;:&quot;yes&quot;,&quot;pause_on_interaction&quot;:&quot;yes&quot;,&quot;autoplay_speed&quot;:5000,&quot;infinite&quot;:&quot;yes&quot;,&quot;transition&quot;:&quot;slide&quot;,&quot;transition_speed&quot;:500}\" data-widget_type=\"slides.default\">\n\t\t\t\t\t\t\t\t\t\t<div class=\"elementor-slides-wrapper elementor-main-swiper swiper\" role=\"region\" aria-roledescription=\"carousel\" aria-label=\"Slajdy\" dir=\"ltr\" data-animation=\"fadeInUp\">\n\t\t\t\t<div class=\"swiper-wrapper elementor-slides\">\n\t\t\t\t\t\t\t\t\t\t<div class=\"elementor-repeater-item-8c75966 swiper-slide\" role=\"group\" aria-roledescription=\"slide\"><div class=\"swiper-slide-bg\" role=\"img\" aria-label=\"Turobin,_ko\u015bci\u00f3\u0142\"><\/div><div class=\"swiper-slide-inner\" ><div class=\"swiper-slide-contents\"><\/div><\/div><\/div><div class=\"elementor-repeater-item-60d4ba4 swiper-slide\" role=\"group\" aria-roledescription=\"slide\"><div class=\"swiper-slide-bg\" role=\"img\" aria-label=\"587102580_818657477473582_4936930041580075612_n\"><\/div><div class=\"swiper-slide-inner\" ><div class=\"swiper-slide-contents\"><\/div><\/div><\/div><div class=\"elementor-repeater-item-0427e8f swiper-slide\" role=\"group\" aria-roledescription=\"slide\"><div class=\"swiper-slide-bg\" role=\"img\" aria-label=\"574325864_1269659588533396_1954940670525968969_n\"><\/div><div class=\"swiper-slide-inner\" ><div class=\"swiper-slide-contents\"><\/div><\/div><\/div><div class=\"elementor-repeater-item-c9d7d79 swiper-slide\" role=\"group\" aria-roledescription=\"slide\"><div class=\"swiper-slide-bg\" role=\"img\" aria-label=\"573394891_1269659925200029_2364773591749072208_n\"><\/div><div class=\"swiper-slide-inner\" ><div class=\"swiper-slide-contents\"><\/div><\/div><\/div><div class=\"elementor-repeater-item-ca80a61 swiper-slide\" role=\"group\" aria-roledescription=\"slide\"><div class=\"swiper-slide-bg\" role=\"img\" aria-label=\"544775402_1219115803587775_6219337387581172794_n\"><\/div><div class=\"swiper-slide-inner\" ><div class=\"swiper-slide-contents\"><\/div><\/div><\/div><div class=\"elementor-repeater-item-d977165 swiper-slide\" role=\"group\" aria-roledescription=\"slide\"><div class=\"swiper-slide-bg\" role=\"img\" aria-label=\"528320907_1192635536235802_2024250714091440776_n\"><\/div><div class=\"swiper-slide-inner\" ><div class=\"swiper-slide-contents\"><\/div><\/div><\/div><div class=\"elementor-repeater-item-06fd0b2 swiper-slide\" role=\"group\" aria-roledescription=\"slide\"><div class=\"swiper-slide-bg\" role=\"img\" aria-label=\"528688492_1192635632902459_2990340187243897615_n\"><\/div><div class=\"swiper-slide-inner\" ><div class=\"swiper-slide-contents\"><\/div><\/div><\/div>\t\t\t\t<\/div>\n\t\t\t\t\t\t\t\t\t\t\t\t\t\t\t<div class=\"elementor-swiper-button elementor-swiper-button-prev\" role=\"button\" tabindex=\"0\" aria-label=\"Previous slide\">\n\t\t\t\t\t\t\t<svg aria-hidden=\"true\" class=\"e-font-icon-svg e-eicon-chevron-left\" viewBox=\"0 0 1000 1000\" xmlns=\"http:\/\/www.w3.org\/2000\/svg\"><path d=\"M646 125C629 125 613 133 604 142L308 442C296 454 292 471 292 487 292 504 296 521 308 533L604 854C617 867 629 875 646 875 663 875 679 871 692 858 704 846 713 829 713 812 713 796 708 779 692 767L438 487 692 225C700 217 708 204 708 187 708 171 704 154 692 142 675 129 663 125 646 125Z\"><\/path><\/svg>\t\t\t\t\t\t<\/div>\n\t\t\t\t\t\t<div class=\"elementor-swiper-button elementor-swiper-button-next\" role=\"button\" tabindex=\"0\" aria-label=\"Next slide\">\n\t\t\t\t\t\t\t<svg aria-hidden=\"true\" class=\"e-font-icon-svg e-eicon-chevron-right\" viewBox=\"0 0 1000 1000\" xmlns=\"http:\/\/www.w3.org\/2000\/svg\"><path d=\"M696 533C708 521 713 504 713 487 713 471 708 454 696 446L400 146C388 133 375 125 354 125 338 125 325 129 313 142 300 154 292 171 292 187 292 204 296 221 308 233L563 492 304 771C292 783 288 800 288 817 288 833 296 850 308 863 321 871 338 875 354 875 371 875 388 867 400 854L696 533Z\"><\/path><\/svg>\t\t\t\t\t\t<\/div>\n\t\t\t\t\t\t\t\t\t\t\t\t\t\t\t\t<div class=\"swiper-pagination\"><\/div>\n\t\t\t\t\t\t\t\t\t\t\t\t<\/div>\n\t\t\t\t\t\t\t\t<\/div>\n\t\t\t\t<\/div>\n\t\t<div class=\"elementor-element elementor-element-72be35c e-con-full e-flex e-con e-parent\" data-id=\"72be35c\" data-element_type=\"container\" data-e-type=\"container\">\n\t\t<div class=\"elementor-element elementor-element-a35e0fe e-grid e-con-boxed e-con e-child\" data-id=\"a35e0fe\" data-element_type=\"container\" data-e-type=\"container\">\n\t\t\t\t\t<div class=\"e-con-inner\">\n\t\t\t\t<div class=\"elementor-element elementor-element-994f818 elementor-position-top elementor-widget elementor-widget-image-box\" data-id=\"994f818\" data-element_type=\"widget\" data-e-type=\"widget\" data-widget_type=\"image-box.default\">\n\t\t\t\t\t<div class=\"elementor-image-box-wrapper\"><figure class=\"elementor-image-box-img\"><img fetchpriority=\"high\" decoding=\"async\" width=\"512\" height=\"512\" src=\"https:\/\/parafiaturobin.pl\/wp-content\/uploads\/2025\/11\/church_3966678.webp\" class=\"attachment-full size-full wp-image-79\" alt=\"\" srcset=\"https:\/\/parafiaturobin.pl\/wp-content\/uploads\/2025\/11\/church_3966678.webp 512w, https:\/\/parafiaturobin.pl\/wp-content\/uploads\/2025\/11\/church_3966678-300x300.webp 300w, https:\/\/parafiaturobin.pl\/wp-content\/uploads\/2025\/11\/church_3966678-150x150.webp 150w\" sizes=\"(max-width: 512px) 100vw, 512px\" \/><\/figure><div class=\"elementor-image-box-content\"><p class=\"elementor-image-box-description\"><p style=\"font-size: 20px;font-style: normal;font-weight: 400\">\n  <span style=\"font-weight: bold\">Kancelaria Parafialna jest czynna:<\/span><br>\n  w dni powszednie: 8:00-8:30<br>\n  <span style=\"font-weight: bold\">Niedziela:<\/span>&nbsp;po ka\u017cdej Mszy \u015awi\u0119tej\n<\/p>\n\n<p style=\"font-size: 20px;font-style: normal;font-weight: 400\">\n  <span style=\"font-weight: bold\">Ksi\u0105dz dy\u017curny<\/span><br>\n  <span style=\"font-weight: bold\">Wtorek, Sobota<\/span>-<br>\n  Ks. Proboszcz - tel. 735 467 868\n<\/p>\n\n<p style=\"font-size: 20px;font-style: normal;font-weight: 400\">\n  <span style=\"font-weight: bold\">Poniedzia\u0142ek, Pi\u0105tek -&nbsp;&nbsp;<\/span><br>\n  Ks. Krzysztof - tel. 573 290 336\n<\/p>\n\n<p style=\"font-size: 20px;font-style: normal;font-weight: 400\">\n  <span style=\"font-weight: bold\">\u015aroda, Czwartek -<\/span>&nbsp;<br>\n  Ks. Miros\u0142aw - tel. 782 372 649\n<\/p>\n<\/p><\/div><\/div>\t\t\t\t<\/div>\n\t\t<div class=\"elementor-element elementor-element-41180e4 e-con-full e-flex e-con e-child\" data-id=\"41180e4\" data-element_type=\"container\" data-e-type=\"container\">\n\t\t\t\t<div class=\"elementor-element elementor-element-34dd14d elementor-view-default elementor-widget elementor-widget-icon\" data-id=\"34dd14d\" data-element_type=\"widget\" data-e-type=\"widget\" data-widget_type=\"icon.default\">\n\t\t\t\t\t\t\t<div class=\"elementor-icon-wrapper\">\n\t\t\t<div class=\"elementor-icon\">\n\t\t\t<svg aria-hidden=\"true\" class=\"e-font-icon-svg e-fas-bible\" viewBox=\"0 0 448 512\" xmlns=\"http:\/\/www.w3.org\/2000\/svg\"><path d=\"M448 358.4V25.6c0-16-9.6-25.6-25.6-25.6H96C41.6 0 0 41.6 0 96v320c0 54.4 41.6 96 96 96h326.4c12.8 0 25.6-9.6 25.6-25.6v-16c0-6.4-3.2-12.8-9.6-19.2-3.2-16-3.2-60.8 0-73.6 6.4-3.2 9.6-9.6 9.6-19.2zM144 144c0-8.84 7.16-16 16-16h48V80c0-8.84 7.16-16 16-16h32c8.84 0 16 7.16 16 16v48h48c8.84 0 16 7.16 16 16v32c0 8.84-7.16 16-16 16h-48v112c0 8.84-7.16 16-16 16h-32c-8.84 0-16-7.16-16-16V192h-48c-8.84 0-16-7.16-16-16v-32zm236.8 304H96c-19.2 0-32-12.8-32-32s16-32 32-32h284.8v64z\"><\/path><\/svg>\t\t\t<\/div>\n\t\t<\/div>\n\t\t\t\t\t\t<\/div>\n\t\t\t\t<div class=\"elementor-element elementor-element-49b4e33 elementor-widget elementor-widget-html\" data-id=\"49b4e33\" data-element_type=\"widget\" data-e-type=\"widget\" data-widget_type=\"html.default\">\n\t\t\t\t\t<style>\r\nspan.nd_liturgia_skrot_tytul {color:green;}\r\nspan.nd_liturgia_skrot_tytul_swieto {color:red;font-weight:bold;}\r\nspan.nd_liturgia_skrot_sigla {font-weight:bold;}\r\na.nd_liturgia_skrot_link {text-decoration:none;}\r\np.nd_liturgia_skrot_baner {margin:2px;padding:0;text-align:center;}\r\n<\/style>\r\n\r\n<script type=\"text\/javascript\" src=\"https:\/\/widget.niedziela.pl\/liturgia_skrot_out.js.php?data=DATA&link=LINK&kodowanie=KODOWANIE\"><\/script>\t\t\t\t<\/div>\n\t\t\t\t<\/div>\n\t\t\t\t<div class=\"elementor-element elementor-element-bbc0ec8 elementor-position-top elementor-widget elementor-widget-image-box\" data-id=\"bbc0ec8\" data-element_type=\"widget\" data-e-type=\"widget\" data-widget_type=\"image-box.default\">\n\t\t\t\t\t<div class=\"elementor-image-box-wrapper\"><figure class=\"elementor-image-box-img\"><img fetchpriority=\"high\" decoding=\"async\" width=\"512\" height=\"512\" src=\"https:\/\/parafiaturobin.pl\/wp-content\/uploads\/2025\/11\/church_3966678.webp\" class=\"attachment-full size-full wp-image-79\" alt=\"\" srcset=\"https:\/\/parafiaturobin.pl\/wp-content\/uploads\/2025\/11\/church_3966678.webp 512w, https:\/\/parafiaturobin.pl\/wp-content\/uploads\/2025\/11\/church_3966678-300x300.webp 300w, https:\/\/parafiaturobin.pl\/wp-content\/uploads\/2025\/11\/church_3966678-150x150.webp 150w\" sizes=\"(max-width: 512px) 100vw, 512px\" \/><\/figure><div class=\"elementor-image-box-content\"><p class=\"elementor-image-box-description\"><p style=\"font-size: 20px;font-style: normal;font-weight: 400\">\n  <span style=\"font-weight: bold\">PORZ\u0104DEK MSZY I NABO\u017bE\u0143STW<\/span><br>\n  <span style=\"font-weight: bold\">W niedziele:<\/span><br>\n  8:00, 10:00, 16:00<br><br>\n  Msza \u015aw. niedzielna w soboty o 18:00\n<\/p>\n<p style=\"font-size: 20px;font-style: normal;font-weight: 400\">\n  <span style=\"font-weight: bold\">Kaplice:<\/span><br><br>\n  8:00 Huta,<br>\n  9:15 Tarnawa,<br>\n  10:30 Guz\u00f3wka\n<\/p>\n<p style=\"font-size: 20px;font-style: normal;font-weight: 400\">\n  <span style=\"font-weight: bold\">W dni powszednie:<\/span><br>\n  7:00, 7:30\n<\/p>\n<\/p><\/div><\/div>\t\t\t\t<\/div>\n\t\t\t\t\t<\/div>\n\t\t\t\t<\/div>\n\t\t\t\t<\/div>\n\t\t<div class=\"elementor-element elementor-element-a67bdc8 e-flex e-con-boxed e-con e-parent\" data-id=\"a67bdc8\" data-element_type=\"container\" data-e-type=\"container\">\n\t\t\t\t\t<div class=\"e-con-inner\">\n\t\t\t\t<div class=\"elementor-element elementor-element-3fa35df elementor-widget elementor-widget-spacer\" data-id=\"3fa35df\" data-element_type=\"widget\" data-e-type=\"widget\" data-widget_type=\"spacer.default\">\n\t\t\t\t\t\t\t<div class=\"elementor-spacer\">\n\t\t\t<div class=\"elementor-spacer-inner\"><\/div>\n\t\t<\/div>\n\t\t\t\t\t\t<\/div>\n\t\t\t\t\t<\/div>\n\t\t\t\t<\/div>\n\t\t<div class=\"elementor-element elementor-element-459963a e-flex e-con-boxed e-con e-parent\" data-id=\"459963a\" data-element_type=\"container\" data-e-type=\"container\">\n\t\t\t\t\t<div class=\"e-con-inner\">\n\t\t\t\t<div class=\"elementor-element elementor-element-2aae4d9 elementor-widget elementor-widget-heading\" data-id=\"2aae4d9\" data-element_type=\"widget\" data-e-type=\"widget\" data-widget_type=\"heading.default\">\n\t\t\t\t\t<h2 class=\"elementor-heading-title elementor-size-default\">Transmisja Mszy \u015awi\u0119tej <\/h2>\t\t\t\t<\/div>\n\t\t\t\t<div class=\"elementor-element elementor-element-11a38c9 elementor-widget elementor-widget-text-editor\" data-id=\"11a38c9\" data-element_type=\"widget\" data-e-type=\"widget\" data-widget_type=\"text-editor.default\">\n\t\t\t\t\t\t\t\t\t<p>W ka\u017cd\u0105 <strong>Niedziel\u0119 i \u015awi\u0119ta<\/strong> o godz: <strong>10:00<\/strong><\/p>\t\t\t\t\t\t\t\t<\/div>\n\t\t\t\t<div class=\"elementor-element elementor-element-7ea9dfd elementor-view-stacked elementor-shape-circle elementor-widget elementor-widget-icon\" data-id=\"7ea9dfd\" data-element_type=\"widget\" data-e-type=\"widget\" data-widget_type=\"icon.default\">\n\t\t\t\t\t\t\t<div class=\"elementor-icon-wrapper\">\n\t\t\t<a class=\"elementor-icon elementor-animation-wobble-vertical\" href=\"https:\/\/www.youtube.com\/@parafiapwsw.dominikawturob5107\">\n\t\t\t<svg aria-hidden=\"true\" class=\"e-font-icon-svg e-fab-youtube\" viewBox=\"0 0 576 512\" xmlns=\"http:\/\/www.w3.org\/2000\/svg\"><path d=\"M549.655 124.083c-6.281-23.65-24.787-42.276-48.284-48.597C458.781 64 288 64 288 64S117.22 64 74.629 75.486c-23.497 6.322-42.003 24.947-48.284 48.597-11.412 42.867-11.412 132.305-11.412 132.305s0 89.438 11.412 132.305c6.281 23.65 24.787 41.5 48.284 47.821C117.22 448 288 448 288 448s170.78 0 213.371-11.486c23.497-6.321 42.003-24.171 48.284-47.821 11.412-42.867 11.412-132.305 11.412-132.305s0-89.438-11.412-132.305zm-317.51 213.508V175.185l142.739 81.205-142.739 81.201z\"><\/path><\/svg>\t\t\t<\/a>\n\t\t<\/div>\n\t\t\t\t\t\t<\/div>\n\t\t\t\t\t<\/div>\n\t\t\t\t<\/div>\n\t\t<div class=\"elementor-element elementor-element-e454531 e-flex e-con-boxed e-con e-parent\" data-id=\"e454531\" data-element_type=\"container\" data-e-type=\"container\">\n\t\t\t\t\t<div class=\"e-con-inner\">\n\t\t\t\t<div class=\"elementor-element elementor-element-bdff891 elementor-widget elementor-widget-heading\" data-id=\"bdff891\" data-element_type=\"widget\" data-e-type=\"widget\" data-widget_type=\"heading.default\">\n\t\t\t\t\t<h2 class=\"elementor-heading-title elementor-size-default\">Og\u0142oszenia parafialne<\/h2>\t\t\t\t<\/div>\n\t\t\t\t<div class=\"elementor-element elementor-element-13c938b elementor-widget elementor-widget-spacer\" data-id=\"13c938b\" data-element_type=\"widget\" data-e-type=\"widget\" data-widget_type=\"spacer.default\">\n\t\t\t\t\t\t\t<div class=\"elementor-spacer\">\n\t\t\t<div class=\"elementor-spacer-inner\"><\/div>\n\t\t<\/div>\n\t\t\t\t\t\t<\/div>\n\t\t\t\t<div class=\"elementor-element elementor-element-7c84ecc elementor-grid-3 elementor-grid-tablet-2 elementor-grid-mobile-1 elementor-posts--thumbnail-top elementor-widget elementor-widget-posts\" data-id=\"7c84ecc\" data-element_type=\"widget\" data-e-type=\"widget\" data-settings=\"{&quot;classic_columns&quot;:&quot;3&quot;,&quot;classic_columns_tablet&quot;:&quot;2&quot;,&quot;classic_columns_mobile&quot;:&quot;1&quot;,&quot;classic_row_gap&quot;:{&quot;unit&quot;:&quot;px&quot;,&quot;size&quot;:35,&quot;sizes&quot;:[]},&quot;classic_row_gap_tablet&quot;:{&quot;unit&quot;:&quot;px&quot;,&quot;size&quot;:&quot;&quot;,&quot;sizes&quot;:[]},&quot;classic_row_gap_mobile&quot;:{&quot;unit&quot;:&quot;px&quot;,&quot;size&quot;:&quot;&quot;,&quot;sizes&quot;:[]}}\" data-widget_type=\"posts.classic\">\n\t\t\t\t<div class=\"elementor-widget-container\">\n\t\t\t\t\t\t\t<div class=\"elementor-posts-container elementor-posts elementor-posts--skin-classic elementor-grid\" role=\"list\">\n\t\t\t\t<article class=\"elementor-post elementor-grid-item post-602 post type-post status-publish format-standard hentry category-ogloszenia\" role=\"listitem\">\n\t\t\t\t<div class=\"elementor-post__text\">\n\t\t\t\t<h3 class=\"elementor-post__title\">\n\t\t\t<a href=\"https:\/\/parafiaturobin.pl\/index.php\/2026\/05\/09\/ogloszenia-parafialne-vi-niedziela-wielkanocy-10-05-2026-r\/\" >\n\t\t\t\tOg\u0142oszenia parafialne &#8211; VI Niedziela Wielkanocy &#8211; 10.05.2026 r.\t\t\t<\/a>\n\t\t<\/h3>\n\t\t\t\t<\/div>\n\t\t\t\t<\/article>\n\t\t\t\t<article class=\"elementor-post elementor-grid-item post-594 post type-post status-publish format-standard hentry category-ogloszenia\" role=\"listitem\">\n\t\t\t\t<div class=\"elementor-post__text\">\n\t\t\t\t<h3 class=\"elementor-post__title\">\n\t\t\t<a href=\"https:\/\/parafiaturobin.pl\/index.php\/2026\/05\/02\/ogloszenia-parafialne-5-niedziela-wielkanocy\/\" >\n\t\t\t\tOg\u0142oszenia parafialne &#8211; 5 Niedziela Wielkanocy &#8211;\t\t\t<\/a>\n\t\t<\/h3>\n\t\t\t\t<\/div>\n\t\t\t\t<\/article>\n\t\t\t\t<article class=\"elementor-post elementor-grid-item post-587 post type-post status-publish format-standard hentry category-ogloszenia\" role=\"listitem\">\n\t\t\t\t<div class=\"elementor-post__text\">\n\t\t\t\t<h3 class=\"elementor-post__title\">\n\t\t\t<a href=\"https:\/\/parafiaturobin.pl\/index.php\/2026\/04\/25\/ogloszenia-parafialne-iv-niedziela-wielkanocy-26-04-2026-r\/\" >\n\t\t\t\tOg\u0142oszenia parafialne &#8211; IV Niedziela Wielkanocy &#8211; 26.04.2026 r.\t\t\t<\/a>\n\t\t<\/h3>\n\t\t\t\t<\/div>\n\t\t\t\t<\/article>\n\t\t\t\t<\/div>\n\t\t\n\t\t\t\t\t\t<\/div>\n\t\t\t\t<\/div>\n\t\t\t\t\t<\/div>\n\t\t\t\t<\/div>\n\t\t<div class=\"elementor-element elementor-element-49809db e-flex e-con-boxed e-con e-parent\" data-id=\"49809db\" data-element_type=\"container\" data-e-type=\"container\">\n\t\t\t\t\t<div class=\"e-con-inner\">\n\t\t\t\t<div class=\"elementor-element elementor-element-ec62bf0 elementor-widget elementor-widget-heading\" data-id=\"ec62bf0\" data-element_type=\"widget\" data-e-type=\"widget\" data-widget_type=\"heading.default\">\n\t\t\t\t\t<h2 class=\"elementor-heading-title elementor-size-default\">Galeria<\/h2>\t\t\t\t<\/div>\n\t\t<div class=\"elementor-element elementor-element-97286d7 e-con-full e-flex e-con e-child\" data-id=\"97286d7\" data-element_type=\"container\" data-e-type=\"container\">\n\t\t\t\t<div class=\"elementor-element elementor-element-a7291d8 elementor-widget elementor-widget-spacer\" data-id=\"a7291d8\" data-element_type=\"widget\" data-e-type=\"widget\" data-widget_type=\"spacer.default\">\n\t\t\t\t\t\t\t<div class=\"elementor-spacer\">\n\t\t\t<div class=\"elementor-spacer-inner\"><\/div>\n\t\t<\/div>\n\t\t\t\t\t\t<\/div>\n\t\t\t\t<\/div>\n\t\t\t\t<div class=\"elementor-element elementor-element-d9b2ccf elementor-grid-3 elementor-grid-tablet-2 elementor-grid-mobile-1 elementor-posts--thumbnail-top elementor-widget elementor-widget-posts\" data-id=\"d9b2ccf\" data-element_type=\"widget\" data-e-type=\"widget\" data-settings=\"{&quot;classic_columns&quot;:&quot;3&quot;,&quot;classic_columns_tablet&quot;:&quot;2&quot;,&quot;classic_columns_mobile&quot;:&quot;1&quot;,&quot;classic_row_gap&quot;:{&quot;unit&quot;:&quot;px&quot;,&quot;size&quot;:35,&quot;sizes&quot;:[]},&quot;classic_row_gap_tablet&quot;:{&quot;unit&quot;:&quot;px&quot;,&quot;size&quot;:&quot;&quot;,&quot;sizes&quot;:[]},&quot;classic_row_gap_mobile&quot;:{&quot;unit&quot;:&quot;px&quot;,&quot;size&quot;:&quot;&quot;,&quot;sizes&quot;:[]}}\" data-widget_type=\"posts.classic\">\n\t\t\t\t<div class=\"elementor-widget-container\">\n\t\t\t\t\t\t\t<div class=\"elementor-posts-container elementor-posts elementor-posts--skin-classic elementor-grid\" role=\"list\">\n\t\t\t\t<article class=\"elementor-post elementor-grid-item post-265 post type-post status-publish format-standard has-post-thumbnail hentry category-galeria\" role=\"listitem\">\n\t\t\t\t<a class=\"elementor-post__thumbnail__link\" href=\"https:\/\/parafiaturobin.pl\/index.php\/2025\/11\/29\/poswiecenie-odnowionej-kaplicy-sw-elzbiety\/\" tabindex=\"-1\" >\n\t\t\t<div class=\"elementor-post__thumbnail\"><img decoding=\"async\" width=\"300\" height=\"227\" src=\"https:\/\/parafiaturobin.pl\/wp-content\/uploads\/2025\/11\/526599618_1062132396033769_5483416771332609810_n-300x227.webp\" class=\"attachment-medium size-medium wp-image-268\" alt=\"\" srcset=\"https:\/\/parafiaturobin.pl\/wp-content\/uploads\/2025\/11\/526599618_1062132396033769_5483416771332609810_n-300x227.webp 300w, https:\/\/parafiaturobin.pl\/wp-content\/uploads\/2025\/11\/526599618_1062132396033769_5483416771332609810_n-1024x776.webp 1024w, https:\/\/parafiaturobin.pl\/wp-content\/uploads\/2025\/11\/526599618_1062132396033769_5483416771332609810_n-768x582.webp 768w, https:\/\/parafiaturobin.pl\/wp-content\/uploads\/2025\/11\/526599618_1062132396033769_5483416771332609810_n-1536x1164.webp 1536w, https:\/\/parafiaturobin.pl\/wp-content\/uploads\/2025\/11\/526599618_1062132396033769_5483416771332609810_n.webp 2048w\" sizes=\"(max-width: 300px) 100vw, 300px\" \/><\/div>\n\t\t<\/a>\n\t\t\t\t<div class=\"elementor-post__text\">\n\t\t\t\t<h3 class=\"elementor-post__title\">\n\t\t\t<a href=\"https:\/\/parafiaturobin.pl\/index.php\/2025\/11\/29\/poswiecenie-odnowionej-kaplicy-sw-elzbiety\/\" >\n\t\t\t\tPo\u015bwi\u0119cenie odnowionej kaplicy \u015bw. El\u017cbiety &#8211; 16.11.2025\t\t\t<\/a>\n\t\t<\/h3>\n\t\t\t\t<\/div>\n\t\t\t\t<\/article>\n\t\t\t\t<\/div>\n\t\t\n\t\t\t\t\t\t<\/div>\n\t\t\t\t<\/div>\n\t\t\t\t\t<\/div>\n\t\t\t\t<\/div>\n\t\t\t\t<\/div>\n\t\t","protected":false},"excerpt":{"rendered":"<p>Kancelaria Parafialna jest czynna: w dni powszednie: 8:00-8:30 Niedziela:&nbsp;po ka\u017cdej Mszy \u015awi\u0119tej Ksi\u0105dz dy\u017curny Wtorek, Sobota- Ks. Proboszcz &#8211; tel.<\/p>\n","protected":false},"author":1,"featured_media":0,"parent":0,"menu_order":0,"comment_status":"closed","ping_status":"closed","template":"","meta":{"site-sidebar-layout":"no-sidebar","site-content-layout":"plain-container","ast-site-content-layout":"full-width-container","site-content-style":"default","site-sidebar-style":"default","ast-global-header-display":"","ast-banner-title-visibility":"","ast-main-header-display":"","ast-hfb-above-header-display":"","ast-hfb-below-header-display":"","ast-hfb-mobile-header-display":"","site-post-title":"","ast-breadcrumbs-content":"","ast-featured-img":"disabled","footer-sml-layout":"","theme-transparent-header-meta":"enabled","adv-header-id-meta":"","stick-header-meta":"","header-above-stick-meta":"","header-main-stick-meta":"","header-below-stick-meta":"","astra-migrate-meta-layouts":"default","ast-page-background-enabled":"default","ast-page-background-meta":{"desktop":{"background-color":"var(--ast-global-color-5)","background-image":"","background-repeat":"repeat","background-position":"center center","background-size":"auto","background-attachment":"scroll","background-type":"","background-media":"","overlay-type":"","overlay-color":"","overlay-opacity":"","overlay-gradient":""},"tablet":{"background-color":"","background-image":"","background-repeat":"repeat","background-position":"center center","background-size":"auto","background-attachment":"scroll","background-type":"","background-media":"","overlay-type":"","overlay-color":"","overlay-opacity":"","overlay-gradient":""},"mobile":{"background-color":"","background-image":"","background-repeat":"repeat","background-position":"center center","background-size":"auto","background-attachment":"scroll","background-type":"","background-media":"","overlay-type":"","overlay-color":"","overlay-opacity":"","overlay-gradient":""}},"ast-content-background-meta":{"desktop":{"background-color":"var(--ast-global-color-4)","background-image":"","background-repeat":"repeat","background-position":"center center","background-size":"auto","background-attachment":"scroll","background-type":"","background-media":"","overlay-type":"","overlay-color":"","overlay-opacity":"","overlay-gradient":""},"tablet":{"background-color":"var(--ast-global-color-4)","background-image":"","background-repeat":"repeat","background-position":"center center","background-size":"auto","background-attachment":"scroll","background-type":"","background-media":"","overlay-type":"","overlay-color":"","overlay-opacity":"","overlay-gradient":""},"mobile":{"background-color":"var(--ast-global-color-4)","background-image":"","background-repeat":"repeat","background-position":"center center","background-size":"auto","background-attachment":"scroll","background-type":"","background-media":"","overlay-type":"","overlay-color":"","overlay-opacity":"","overlay-gradient":""}},"footnotes":""},"folder":[],"class_list":["post-15","page","type-page","status-publish","hentry"],"_links":{"self":[{"href":"https:\/\/parafiaturobin.pl\/index.php\/wp-json\/wp\/v2\/pages\/15","targetHints":{"allow":["GET"]}}],"collection":[{"href":"https:\/\/parafiaturobin.pl\/index.php\/wp-json\/wp\/v2\/pages"}],"about":[{"href":"https:\/\/parafiaturobin.pl\/index.php\/wp-json\/wp\/v2\/types\/page"}],"author":[{"embeddable":true,"href":"https:\/\/parafiaturobin.pl\/index.php\/wp-json\/wp\/v2\/users\/1"}],"replies":[{"embeddable":true,"href":"https:\/\/parafiaturobin.pl\/index.php\/wp-json\/wp\/v2\/comments?post=15"}],"version-history":[{"count":110,"href":"https:\/\/parafiaturobin.pl\/index.php\/wp-json\/wp\/v2\/pages\/15\/revisions"}],"predecessor-version":[{"id":366,"href":"https:\/\/parafiaturobin.pl\/index.php\/wp-json\/wp\/v2\/pages\/15\/revisions\/366"}],"wp:attachment":[{"href":"https:\/\/parafiaturobin.pl\/index.php\/wp-json\/wp\/v2\/media?parent=15"}],"wp:term":[{"taxonomy":"folder","embeddable":true,"href":"https:\/\/parafiaturobin.pl\/index.php\/wp-json\/wp\/v2\/folder?post=15"}],"curies":[{"name":"wp","href":"https:\/\/api.w.org\/{rel}","templated":true}]}}